{"id":16720,"date":"2025-03-03T13:39:22","date_gmt":"2025-03-03T12:39:22","guid":{"rendered":"https:\/\/gogetcorp.com\/?page_id=16720"},"modified":"2025-03-05T09:57:23","modified_gmt":"2025-03-05T08:57:23","slug":"tack-for-ditt-meddelande","status":"publish","type":"page","link":"https:\/\/gogetcorp.com\/sv\/tack-for-ditt-meddelande\/","title":{"rendered":"LinkedIn &#8211; Tacksida Rumsbokningssystem"},"content":{"rendered":"\t\t<div data-elementor-type=\"wp-page\" data-elementor-id=\"16720\" class=\"elementor elementor-16720\" data-elementor-post-type=\"page\">\n\t\t\t\t\t\t<section class=\"elementor-section elementor-top-section elementor-element elementor-element-2aa0776f elementor-section-height-min-height elementor-section-boxed elementor-section-height-default elementor-section-items-middle\" data-id=\"2aa0776f\" data-element_type=\"section\">\n\t\t\t\t\t\t<div class=\"elementor-container elementor-column-gap-default\">\n\t\t\t\t\t<div class=\"elementor-column elementor-col-100 elementor-top-column elementor-element elementor-element-24c3f145\" data-id=\"24c3f145\" data-element_type=\"column\">\n\t\t\t<div class=\"elementor-widget-wrap elementor-element-populated\">\n\t\t\t\t\t\t<div class=\"elementor-element elementor-element-327cf96b elementor-align-center elementor-widget elementor-widget-lottie\" data-id=\"327cf96b\" data-element_type=\"widget\" data-settings=\"{&quot;source_json&quot;:{&quot;url&quot;:&quot;https:\\\/\\\/gogetcorp.com\\\/wp-content\\\/uploads\\\/2022\\\/09\\\/Check-mark-2500ms.json&quot;,&quot;id&quot;:4284,&quot;size&quot;:&quot;&quot;,&quot;alt&quot;:&quot;&quot;,&quot;source&quot;:&quot;library&quot;},&quot;source&quot;:&quot;media_file&quot;,&quot;caption_source&quot;:&quot;none&quot;,&quot;link_to&quot;:&quot;none&quot;,&quot;trigger&quot;:&quot;arriving_to_viewport&quot;,&quot;viewport&quot;:{&quot;unit&quot;:&quot;%&quot;,&quot;size&quot;:&quot;&quot;,&quot;sizes&quot;:{&quot;start&quot;:0,&quot;end&quot;:100}},&quot;play_speed&quot;:{&quot;unit&quot;:&quot;px&quot;,&quot;size&quot;:1,&quot;sizes&quot;:[]},&quot;start_point&quot;:{&quot;unit&quot;:&quot;%&quot;,&quot;size&quot;:0,&quot;sizes&quot;:[]},&quot;end_point&quot;:{&quot;unit&quot;:&quot;%&quot;,&quot;size&quot;:100,&quot;sizes&quot;:[]},&quot;renderer&quot;:&quot;svg&quot;}\" data-widget_type=\"lottie.default\">\n\t\t\t\t<div class=\"elementor-widget-container\">\n\t\t\t<div class=\"e-lottie__container\"><div class=\"e-lottie__animation\"><\/div><\/div>\t\t<\/div>\n\t\t\t\t<\/div>\n\t\t\t\t<div class=\"elementor-element elementor-element-5c674797 elementor-widget elementor-widget-heading\" data-id=\"5c674797\" data-element_type=\"widget\" data-widget_type=\"heading.default\">\n\t\t\t\t<div class=\"elementor-widget-container\">\n\t\t\t<h2 class=\"elementor-heading-title elementor-size-default\">Tack f\u00f6r ditt meddelande!<\/h2>\t\t<\/div>\n\t\t\t\t<\/div>\n\t\t\t\t<div class=\"elementor-element elementor-element-36d22a97 elementor-widget elementor-widget-text-editor\" data-id=\"36d22a97\" data-element_type=\"widget\" data-widget_type=\"text-editor.default\">\n\t\t\t\t<div class=\"elementor-widget-container\">\n\t\t\t\t\t\t\t<p>Vi h\u00f6r av oss s\u00e5 snart vi kan.<\/p>\t\t\t\t\t\t<\/div>\n\t\t\t\t<\/div>\n\t\t\t\t\t<\/div>\n\t\t<\/div>\n\t\t\t\t\t<\/div>\n\t\t<\/section>\n\t\t\t\t<\/div>\n\t\t","protected":false},"excerpt":{"rendered":"<p>Tack f\u00f6r ditt meddelande! Vi h\u00f6r av oss s\u00e5 snart vi kan.<\/p>\n","protected":false},"author":12,"featured_media":0,"parent":0,"menu_order":0,"comment_status":"closed","ping_status":"closed","template":"","meta":{"_acf_changed":false,"footnotes":""},"class_list":["post-16720","page","type-page","status-publish","hentry"],"acf":[],"yoast_head":"<!-- This site is optimized with the Yoast SEO Premium plugin v22.0 (Yoast SEO v23.7) - https:\/\/yoast.com\/wordpress\/plugins\/seo\/ -->\n<title>LinkedIn - Tacksida Rumsbokningssystem - GOGET<\/title>\n<meta name=\"robots\" content=\"index, follow, max-snippet:-1, max-image-preview:large, max-video-preview:-1\" \/>\n<link rel=\"canonical\" href=\"https:\/\/gogetcorp.com\/sv\/tack-for-ditt-meddelande\/\" \/>\n<meta property=\"og:locale\" content=\"sv_SE\" \/>\n<meta property=\"og:type\" content=\"article\" \/>\n<meta property=\"og:title\" content=\"LinkedIn - Tacksida Rumsbokningssystem\" \/>\n<meta property=\"og:description\" content=\"Tack f\u00f6r ditt meddelande! Vi h\u00f6r av oss s\u00e5 snart vi kan.\" \/>\n<meta property=\"og:url\" content=\"https:\/\/gogetcorp.com\/sv\/tack-for-ditt-meddelande\/\" \/>\n<meta property=\"og:site_name\" content=\"GOGET\" \/>\n<meta property=\"article:modified_time\" content=\"2025-03-05T08:57:23+00:00\" \/>\n<meta property=\"og:image\" content=\"https:\/\/gogetcorp.com\/wp-content\/uploads\/2023\/03\/Goget-logo-bg-alt.jpg\" \/>\n\t<meta property=\"og:image:width\" content=\"1200\" \/>\n\t<meta property=\"og:image:height\" content=\"675\" \/>\n\t<meta property=\"og:image:type\" content=\"image\/jpeg\" \/>\n<meta name=\"twitter:card\" content=\"summary_large_image\" \/>\n<meta name=\"twitter:label1\" content=\"Ber\u00e4knad l\u00e4stid\" \/>\n\t<meta name=\"twitter:data1\" content=\"1 minut\" \/>\n<script type=\"application\/ld+json\" class=\"yoast-schema-graph\">{\"@context\":\"https:\/\/schema.org\",\"@graph\":[{\"@type\":\"WebPage\",\"@id\":\"https:\/\/gogetcorp.com\/sv\/tack-for-ditt-meddelande\/\",\"url\":\"https:\/\/gogetcorp.com\/sv\/tack-for-ditt-meddelande\/\",\"name\":\"LinkedIn - Tacksida Rumsbokningssystem - GOGET\",\"isPartOf\":{\"@id\":\"https:\/\/gogetcorp.com\/sv\/#website\"},\"datePublished\":\"2025-03-03T12:39:22+00:00\",\"dateModified\":\"2025-03-05T08:57:23+00:00\",\"breadcrumb\":{\"@id\":\"https:\/\/gogetcorp.com\/sv\/tack-for-ditt-meddelande\/#breadcrumb\"},\"inLanguage\":\"sv-SE\",\"potentialAction\":[{\"@type\":\"ReadAction\",\"target\":[\"https:\/\/gogetcorp.com\/sv\/tack-for-ditt-meddelande\/\"]}]},{\"@type\":\"BreadcrumbList\",\"@id\":\"https:\/\/gogetcorp.com\/sv\/tack-for-ditt-meddelande\/#breadcrumb\",\"itemListElement\":[{\"@type\":\"ListItem\",\"position\":1,\"name\":\"Hem\",\"item\":\"https:\/\/gogetcorp.com\/sv\/\"},{\"@type\":\"ListItem\",\"position\":2,\"name\":\"LinkedIn &#8211; Tacksida Rumsbokningssystem\"}]},{\"@type\":\"WebSite\",\"@id\":\"https:\/\/gogetcorp.com\/sv\/#website\",\"url\":\"https:\/\/gogetcorp.com\/sv\/\",\"name\":\"GOGET\",\"description\":\"Workspace Platform\",\"publisher\":{\"@id\":\"https:\/\/gogetcorp.com\/sv\/#organization\"},\"potentialAction\":[{\"@type\":\"SearchAction\",\"target\":{\"@type\":\"EntryPoint\",\"urlTemplate\":\"https:\/\/gogetcorp.com\/sv\/?s={search_term_string}\"},\"query-input\":{\"@type\":\"PropertyValueSpecification\",\"valueRequired\":true,\"valueName\":\"search_term_string\"}}],\"inLanguage\":\"sv-SE\"},{\"@type\":\"Organization\",\"@id\":\"https:\/\/gogetcorp.com\/sv\/#organization\",\"name\":\"Goget AB\",\"url\":\"https:\/\/gogetcorp.com\/sv\/\",\"logo\":{\"@type\":\"ImageObject\",\"inLanguage\":\"sv-SE\",\"@id\":\"https:\/\/gogetcorp.com\/sv\/#\/schema\/logo\/image\/\",\"url\":\"https:\/\/gogetcorp.com\/wp-content\/uploads\/2020\/02\/Goget-Favicon.png\",\"contentUrl\":\"https:\/\/gogetcorp.com\/wp-content\/uploads\/2020\/02\/Goget-Favicon.png\",\"width\":269,\"height\":269,\"caption\":\"Goget AB\"},\"image\":{\"@id\":\"https:\/\/gogetcorp.com\/sv\/#\/schema\/logo\/image\/\"}}]}<\/script>\n<!-- \/ Yoast SEO Premium plugin. -->","yoast_head_json":{"title":"LinkedIn - Tacksida Rumsbokningssystem - GOGET","robots":{"index":"index","follow":"follow","max-snippet":"max-snippet:-1","max-image-preview":"max-image-preview:large","max-video-preview":"max-video-preview:-1"},"canonical":"https:\/\/gogetcorp.com\/sv\/tack-for-ditt-meddelande\/","og_locale":"sv_SE","og_type":"article","og_title":"LinkedIn - Tacksida Rumsbokningssystem","og_description":"Tack f\u00f6r ditt meddelande! Vi h\u00f6r av oss s\u00e5 snart vi kan.","og_url":"https:\/\/gogetcorp.com\/sv\/tack-for-ditt-meddelande\/","og_site_name":"GOGET","article_modified_time":"2025-03-05T08:57:23+00:00","og_image":[{"width":1200,"height":675,"url":"https:\/\/gogetcorp.com\/wp-content\/uploads\/2023\/03\/Goget-logo-bg-alt.jpg","type":"image\/jpeg"}],"twitter_card":"summary_large_image","twitter_misc":{"Ber\u00e4knad l\u00e4stid":"1 minut"},"schema":{"@context":"https:\/\/schema.org","@graph":[{"@type":"WebPage","@id":"https:\/\/gogetcorp.com\/sv\/tack-for-ditt-meddelande\/","url":"https:\/\/gogetcorp.com\/sv\/tack-for-ditt-meddelande\/","name":"LinkedIn - Tacksida Rumsbokningssystem - GOGET","isPartOf":{"@id":"https:\/\/gogetcorp.com\/sv\/#website"},"datePublished":"2025-03-03T12:39:22+00:00","dateModified":"2025-03-05T08:57:23+00:00","breadcrumb":{"@id":"https:\/\/gogetcorp.com\/sv\/tack-for-ditt-meddelande\/#breadcrumb"},"inLanguage":"sv-SE","potentialAction":[{"@type":"ReadAction","target":["https:\/\/gogetcorp.com\/sv\/tack-for-ditt-meddelande\/"]}]},{"@type":"BreadcrumbList","@id":"https:\/\/gogetcorp.com\/sv\/tack-for-ditt-meddelande\/#breadcrumb","itemListElement":[{"@type":"ListItem","position":1,"name":"Hem","item":"https:\/\/gogetcorp.com\/sv\/"},{"@type":"ListItem","position":2,"name":"LinkedIn &#8211; Tacksida Rumsbokningssystem"}]},{"@type":"WebSite","@id":"https:\/\/gogetcorp.com\/sv\/#website","url":"https:\/\/gogetcorp.com\/sv\/","name":"GOGET","description":"Workspace Platform","publisher":{"@id":"https:\/\/gogetcorp.com\/sv\/#organization"},"potentialAction":[{"@type":"SearchAction","target":{"@type":"EntryPoint","urlTemplate":"https:\/\/gogetcorp.com\/sv\/?s={search_term_string}"},"query-input":{"@type":"PropertyValueSpecification","valueRequired":true,"valueName":"search_term_string"}}],"inLanguage":"sv-SE"},{"@type":"Organization","@id":"https:\/\/gogetcorp.com\/sv\/#organization","name":"Goget AB","url":"https:\/\/gogetcorp.com\/sv\/","logo":{"@type":"ImageObject","inLanguage":"sv-SE","@id":"https:\/\/gogetcorp.com\/sv\/#\/schema\/logo\/image\/","url":"https:\/\/gogetcorp.com\/wp-content\/uploads\/2020\/02\/Goget-Favicon.png","contentUrl":"https:\/\/gogetcorp.com\/wp-content\/uploads\/2020\/02\/Goget-Favicon.png","width":269,"height":269,"caption":"Goget AB"},"image":{"@id":"https:\/\/gogetcorp.com\/sv\/#\/schema\/logo\/image\/"}}]}},"_links":{"self":[{"href":"https:\/\/gogetcorp.com\/sv\/wp-json\/wp\/v2\/pages\/16720"}],"collection":[{"href":"https:\/\/gogetcorp.com\/sv\/wp-json\/wp\/v2\/pages"}],"about":[{"href":"https:\/\/gogetcorp.com\/sv\/wp-json\/wp\/v2\/types\/page"}],"author":[{"embeddable":true,"href":"https:\/\/gogetcorp.com\/sv\/wp-json\/wp\/v2\/users\/12"}],"replies":[{"embeddable":true,"href":"https:\/\/gogetcorp.com\/sv\/wp-json\/wp\/v2\/comments?post=16720"}],"version-history":[{"count":0,"href":"https:\/\/gogetcorp.com\/sv\/wp-json\/wp\/v2\/pages\/16720\/revisions"}],"wp:attachment":[{"href":"https:\/\/gogetcorp.com\/sv\/wp-json\/wp\/v2\/media?parent=16720"}],"curies":[{"name":"wp","href":"https:\/\/api.w.org\/{rel}","templated":true}]}}