{"id":16277,"date":"2022-09-23T15:39:57","date_gmt":"2022-09-23T13:39:57","guid":{"rendered":"https:\/\/gogetcorp.com\/kontakta-oss\/"},"modified":"2024-10-07T11:06:38","modified_gmt":"2024-10-07T09:06:38","slug":"kontakta-oss","status":"publish","type":"page","link":"https:\/\/gogetcorp.com\/sv\/kontakta-oss\/","title":{"rendered":"Kontakta oss"},"content":{"rendered":"\t\t<div data-elementor-type=\"wp-page\" data-elementor-id=\"16277\" class=\"elementor elementor-16277 elementor-6110\" data-elementor-post-type=\"page\">\n\t\t\t\t\t\t<section data-dce-background-image-url=\"https:\/\/gogetcorp.com\/wp-content\/uploads\/2022\/09\/Goget-hero-alt-2.png\" data-dce-background-overlay-image-url=\"https:\/\/gogetcorp.com\/wp-content\/uploads\/2022\/09\/Goget-Blub-Circle.min_.svg\" class=\"elementor-section elementor-top-section elementor-element elementor-element-e52bce1 elementor-section-height-min-height elementor-section-boxed elementor-section-height-default elementor-section-items-middle elementor-invisible\" data-id=\"e52bce1\" data-element_type=\"section\" data-settings=\"{&quot;background_background&quot;:&quot;classic&quot;,&quot;animation&quot;:&quot;fadeIn&quot;}\">\n\t\t\t\t\t\t\t<div class=\"elementor-background-overlay\"><\/div>\n\t\t\t\t\t\t\t<div class=\"elementor-container elementor-column-gap-default\">\n\t\t\t\t\t<div class=\"elementor-column elementor-col-50 elementor-top-column elementor-element elementor-element-7b56bcd\" data-id=\"7b56bcd\" data-element_type=\"column\">\n\t\t\t<div class=\"elementor-widget-wrap elementor-element-populated\">\n\t\t\t\t\t\t<div class=\"elementor-element elementor-element-87737a3 elementor-widget elementor-widget-heading\" data-id=\"87737a3\" data-element_type=\"widget\" data-widget_type=\"heading.default\">\n\t\t\t\t<div class=\"elementor-widget-container\">\n\t\t\t<h5 class=\"elementor-heading-title elementor-size-default\">Kontakta oss<\/h5>\t\t<\/div>\n\t\t\t\t<\/div>\n\t\t\t\t<div class=\"elementor-element elementor-element-34e3759 elementor-widget elementor-widget-heading\" data-id=\"34e3759\" data-element_type=\"widget\" data-widget_type=\"heading.default\">\n\t\t\t\t<div class=\"elementor-widget-container\">\n\t\t\t<h1 class=\"elementor-heading-title elementor-size-default\">Hur kan vi hj\u00e4lpa dig?<\/h1>\t\t<\/div>\n\t\t\t\t<\/div>\n\t\t\t\t<div class=\"elementor-element elementor-element-ce0ce5c elementor-widget elementor-widget-text-editor\" data-id=\"ce0ce5c\" data-element_type=\"widget\" data-widget_type=\"text-editor.default\">\n\t\t\t\t<div class=\"elementor-widget-container\">\n\t\t\t\t\t\t\t<p id=\"tw-target-text\" class=\"tw-data-text tw-text-large tw-ta\" dir=\"ltr\" data-placeholder=\"Translation\" data-ved=\"2ahUKEwiqgba-hO2IAxXBHRAIHS9pBIMQ3ewLegQICBAU\" aria-label=\"Translated text: N\u00e5 ut till v\u00e5rt team. F\u00f6r f\u00f6rs\u00e4ljningsrelaterade f\u00f6rfr\u00e5gningar v\u00e4nligen fyll i formul\u00e4ret h\u00e4r, s\u00e5 att vi kan ge dig b\u00e4sta m\u00f6jliga support. Goget AB \u00e4r en ledande tillverkare av bokningssystem f\u00f6r arbetsplatser och mer. V\u00e5ra l\u00f6sningar kan anv\u00e4ndas f\u00f6r att hantera, planera och analysera dina arbetsutrymmesresurser. F\u00f6retagsadress: Viktor Rydbergsgatan 10 411 32 G\u00f6teborg Sverige\"><span class=\"Y2IQFc\" lang=\"sv\">Kontakta v\u00e5rt team. F\u00f6r f\u00f6rs\u00e4ljningsrelaterade fr\u00e5gor, v\u00e4nligen fyll i formul\u00e4ret h\u00e4r s\u00e5 att vi kan hj\u00e4lpa dig p\u00e5 b\u00e4sta s\u00e4tt. Goget AB \u00e4r en ledande tillverkare av bokningssystem f\u00f6r arbetsplatser. V\u00e5ra l\u00f6sningar kan anv\u00e4ndas f\u00f6r att hantera, planera och analysera era kontorsresurser. <\/span><\/p>\n<p class=\"tw-data-text tw-text-large tw-ta\" dir=\"ltr\" data-placeholder=\"Translation\" data-ved=\"2ahUKEwiqgba-hO2IAxXBHRAIHS9pBIMQ3ewLegQICBAU\" aria-label=\"Translated text: N\u00e5 ut till v\u00e5rt team. F\u00f6r f\u00f6rs\u00e4ljningsrelaterade f\u00f6rfr\u00e5gningar v\u00e4nligen fyll i formul\u00e4ret h\u00e4r, s\u00e5 att vi kan ge dig b\u00e4sta m\u00f6jliga support. Goget AB \u00e4r en ledande tillverkare av bokningssystem f\u00f6r arbetsplatser och mer. V\u00e5ra l\u00f6sningar kan anv\u00e4ndas f\u00f6r att hantera, planera och analysera dina arbetsutrymmesresurser. F\u00f6retagsadress: Viktor Rydbergsgatan 10 411 32 G\u00f6teborg Sverige\"><span class=\"Y2IQFc\" lang=\"sv\">Adress: <\/span><\/p>\n<p class=\"tw-data-text tw-text-large tw-ta\" dir=\"ltr\" data-placeholder=\"Translation\" data-ved=\"2ahUKEwiqgba-hO2IAxXBHRAIHS9pBIMQ3ewLegQICBAU\" aria-label=\"Translated text: N\u00e5 ut till v\u00e5rt team. F\u00f6r f\u00f6rs\u00e4ljningsrelaterade f\u00f6rfr\u00e5gningar v\u00e4nligen fyll i formul\u00e4ret h\u00e4r, s\u00e5 att vi kan ge dig b\u00e4sta m\u00f6jliga support. Goget AB \u00e4r en ledande tillverkare av bokningssystem f\u00f6r arbetsplatser och mer. V\u00e5ra l\u00f6sningar kan anv\u00e4ndas f\u00f6r att hantera, planera och analysera dina arbetsutrymmesresurser. F\u00f6retagsadress: Viktor Rydbergsgatan 10 411 32 G\u00f6teborg Sverige\"><span class=\"Y2IQFc\" lang=\"sv\">Viktor Rydbergsgatan 10<br \/>\n<\/span><span class=\"Y2IQFc\" lang=\"sv\">411 32 G\u00f6teborg<br \/>\nSverige<\/span><\/p>\n\t\t\t\t\t\t<\/div>\n\t\t\t\t<\/div>\n\t\t\t\t\t<\/div>\n\t\t<\/div>\n\t\t\t\t<div class=\"elementor-column elementor-col-50 elementor-top-column elementor-element elementor-element-204e1e9\" data-id=\"204e1e9\" data-element_type=\"column\">\n\t\t\t<div class=\"elementor-widget-wrap elementor-element-populated\">\n\t\t\t\t\t\t<section class=\"elementor-section elementor-inner-section elementor-element elementor-element-a9da582 animated-fast elementor-section-boxed elementor-section-height-default elementor-section-height-default elementor-invisible\" data-id=\"a9da582\" data-element_type=\"section\" data-settings=\"{&quot;motion_fx_motion_fx_scrolling&quot;:&quot;yes&quot;,&quot;motion_fx_translateY_effect&quot;:&quot;yes&quot;,&quot;animation&quot;:&quot;fadeInUp&quot;,&quot;motion_fx_translateY_direction&quot;:&quot;negative&quot;,&quot;motion_fx_devices&quot;:[&quot;desktop&quot;,&quot;tablet&quot;],&quot;motion_fx_translateY_speed&quot;:{&quot;unit&quot;:&quot;px&quot;,&quot;size&quot;:4,&quot;sizes&quot;:[]},&quot;motion_fx_translateY_affectedRange&quot;:{&quot;unit&quot;:&quot;%&quot;,&quot;size&quot;:&quot;&quot;,&quot;sizes&quot;:{&quot;start&quot;:0,&quot;end&quot;:100}}}\">\n\t\t\t\t\t\t<div class=\"elementor-container elementor-column-gap-default\">\n\t\t\t\t\t<div class=\"elementor-column elementor-col-100 elementor-inner-column elementor-element elementor-element-c0b8a1c\" data-id=\"c0b8a1c\" data-element_type=\"column\" data-settings=\"{&quot;animation&quot;:&quot;none&quot;,&quot;animation_delay&quot;:400}\">\n\t\t\t<div class=\"elementor-widget-wrap elementor-element-populated\">\n\t\t\t\t\t\t<div class=\"elementor-element elementor-element-b1f37b3 elementor-widget elementor-widget-heading\" data-id=\"b1f37b3\" data-element_type=\"widget\" data-widget_type=\"heading.default\">\n\t\t\t\t<div class=\"elementor-widget-container\">\n\t\t\t<h3 class=\"elementor-heading-title elementor-size-default\">S\u00e4g hej.<\/h3>\t\t<\/div>\n\t\t\t\t<\/div>\n\t\t\t\t<div class=\"elementor-element elementor-element-a74373d elementor-button-align-stretch elementor-widget elementor-widget-form\" data-id=\"a74373d\" data-element_type=\"widget\" data-settings=\"{&quot;step_next_label&quot;:&quot;N\\u00e4sta&quot;,&quot;step_previous_label&quot;:&quot;F\\u00f6reg\\u00e5ende&quot;,&quot;button_width&quot;:&quot;100&quot;,&quot;step_type&quot;:&quot;number_text&quot;,&quot;step_icon_shape&quot;:&quot;circle&quot;}\" data-widget_type=\"form.default\">\n\t\t\t\t<div class=\"elementor-widget-container\">\n\t\t\t\t\t<form class=\"elementor-form\" method=\"post\" name=\"kontakt\">\n\t\t\t<input type=\"hidden\" name=\"post_id\" value=\"16277\"\/>\n\t\t\t<input type=\"hidden\" name=\"form_id\" value=\"a74373d\"\/>\n\t\t\t<input type=\"hidden\" name=\"referer_title\" value=\"Kontakta oss | GOGET\" \/>\n\n\t\t\t\t\t\t\t<input type=\"hidden\" name=\"queried_id\" value=\"16277\"\/>\n\t\t\t\n\t\t\t<div class=\"elementor-form-fields-wrapper elementor-labels-above\">\n\t\t\t\t\t\t\t\t<div class=\"elementor-field-type-text elementor-field-group elementor-column elementor-field-group-name elementor-col-100 elementor-field-required elementor-mark-required\">\n\t\t\t\t\t\t\t\t\t\t\t\t<label for=\"form-field-name\" class=\"elementor-field-label\">\n\t\t\t\t\t\t\t\tNamn\t\t\t\t\t\t\t<\/label>\n\t\t\t\t\t\t\t\t\t\t\t\t\t\t<input size=\"1\" type=\"text\" name=\"form_fields[name]\" id=\"form-field-name\" class=\"elementor-field elementor-size-sm  elementor-field-textual\" placeholder=\"Fyll i ditt namn\" required=\"required\" aria-required=\"true\">\n\t\t\t\t\t\t\t\t\t\t\t<\/div>\n\t\t\t\t\t\t\t\t<div class=\"elementor-field-type-email elementor-field-group elementor-column elementor-field-group-email elementor-col-100 elementor-field-required elementor-mark-required\">\n\t\t\t\t\t\t\t\t\t\t\t\t<label for=\"form-field-email\" class=\"elementor-field-label\">\n\t\t\t\t\t\t\t\tE-postadress\t\t\t\t\t\t\t<\/label>\n\t\t\t\t\t\t\t\t\t\t\t\t\t\t<input size=\"1\" type=\"email\" name=\"form_fields[email]\" id=\"form-field-email\" class=\"elementor-field elementor-size-sm  elementor-field-textual\" placeholder=\"Fyll i din e-postadress\" required=\"required\" aria-required=\"true\">\n\t\t\t\t\t\t\t\t\t\t\t<\/div>\n\t\t\t\t\t\t\t\t<div class=\"elementor-field-type-textarea elementor-field-group elementor-column elementor-field-group-message elementor-col-100 elementor-field-required elementor-mark-required\">\n\t\t\t\t\t\t\t\t\t\t\t\t<label for=\"form-field-message\" class=\"elementor-field-label\">\n\t\t\t\t\t\t\t\tMeddelande\t\t\t\t\t\t\t<\/label>\n\t\t\t\t\t\t<textarea class=\"elementor-field-textual elementor-field  elementor-size-sm\" name=\"form_fields[message]\" id=\"form-field-message\" rows=\"5\" placeholder=\"Beskriv hur vi kan hj\u00e4lpa dig.\" required=\"required\" aria-required=\"true\"><\/textarea>\t\t\t\t<\/div>\n\t\t\t\t\t\t\t\t<div class=\"elementor-field-type-recaptcha_v3 elementor-field-group elementor-column elementor-field-group-field_f78a781 elementor-col-100 recaptcha_v3-inline\">\n\t\t\t\t\t<div class=\"elementor-field\" id=\"form-field-field_f78a781\"><div class=\"elementor-g-recaptcha\" data-sitekey=\"6LdiOgIlAAAAABuriZkMutw-z_KJeD6-8cdQ8Jnx\" data-type=\"v3\" data-action=\"Form\" data-badge=\"inline\" data-size=\"invisible\"><\/div><\/div>\t\t\t\t<\/div>\n\t\t\t\t\t\t\t\t<div class=\"elementor-field-group elementor-column elementor-field-type-submit elementor-col-100 e-form__buttons\">\n\t\t\t\t\t<button class=\"elementor-button elementor-size-sm\" type=\"submit\">\n\t\t\t\t\t\t<span class=\"elementor-button-content-wrapper\">\n\t\t\t\t\t\t\t\t\t\t\t\t\t\t\t<span class=\"elementor-button-icon\">\n\t\t\t\t\t\t\t\t\t<i aria-hidden=\"true\" class=\"gogeticon gogeticon-chevron-right-outline\"><\/i>\t\t\t\t\t\t\t\t\t\t\t\t\t\t\t\t\t<\/span>\n\t\t\t\t\t\t\t\t\t\t\t\t\t\t\t\t\t\t\t\t\t\t<span class=\"elementor-button-text\">Skicka<\/span>\n\t\t\t\t\t\t\t\t\t\t\t\t\t<\/span>\n\t\t\t\t\t<\/button>\n\t\t\t\t<\/div>\n\t\t\t<\/div>\n\t\t<\/form>\n\t\t\t\t<\/div>\n\t\t\t\t<\/div>\n\t\t\t\t\t<\/div>\n\t\t<\/div>\n\t\t\t\t\t<\/div>\n\t\t<\/section>\n\t\t\t\t\t<\/div>\n\t\t<\/div>\n\t\t\t\t\t<\/div>\n\t\t<\/section>\n\t\t\t\t<\/div>\n\t\t","protected":false},"excerpt":{"rendered":"<p>Kontakta oss Hur kan vi hj\u00e4lpa dig? Kontakta v\u00e5rt team. F\u00f6r f\u00f6rs\u00e4ljningsrelaterade fr\u00e5gor, v\u00e4nligen fyll i formul\u00e4ret h\u00e4r s\u00e5 att vi kan hj\u00e4lpa dig p\u00e5 b\u00e4sta s\u00e4tt. Goget AB \u00e4r en ledande tillverkare av bokningssystem f\u00f6r arbetsplatser. V\u00e5ra l\u00f6sningar kan anv\u00e4ndas f\u00f6r att hantera, planera och analysera era kontorsresurser. Adress: Viktor Rydbergsgatan 10 411 32 [&hellip;]<\/p>\n","protected":false},"author":5,"featured_media":0,"parent":0,"menu_order":50,"comment_status":"closed","ping_status":"closed","template":"","meta":{"_acf_changed":false,"footnotes":""},"class_list":["post-16277","page","type-page","status-publish","hentry"],"acf":[],"yoast_head":"<!-- This site is optimized with the Yoast SEO Premium plugin v22.0 (Yoast SEO v23.7) - https:\/\/yoast.com\/wordpress\/plugins\/seo\/ -->\n<title>Kontakta oss | GOGET<\/title>\n<meta name=\"description\" content=\"\u00c4r du intresserad av m\u00f6tesrumsdisplayer, rumsbokningsprogramvara eller skrivbordsbokning? Kontakta oss p\u00e5 GoGet!\" \/>\n<meta name=\"robots\" content=\"index, follow, max-snippet:-1, max-image-preview:large, max-video-preview:-1\" \/>\n<link rel=\"canonical\" href=\"https:\/\/gogetcorp.com\/sv\/kontakta-oss\/\" \/>\n<meta property=\"og:locale\" content=\"sv_SE\" \/>\n<meta property=\"og:type\" content=\"article\" \/>\n<meta property=\"og:title\" content=\"Kontakta oss\" \/>\n<meta property=\"og:description\" content=\"\u00c4r du intresserad av m\u00f6tesrumsdisplayer, rumsbokningsprogramvara eller skrivbordsbokning? Kontakta oss p\u00e5 GoGet!\" \/>\n<meta property=\"og:url\" content=\"https:\/\/gogetcorp.com\/sv\/kontakta-oss\/\" \/>\n<meta property=\"og:site_name\" content=\"GOGET\" \/>\n<meta property=\"article:modified_time\" content=\"2024-10-07T09:06:38+00:00\" \/>\n<meta property=\"og:image\" content=\"https:\/\/gogetcorp.com\/wp-content\/uploads\/2023\/03\/Goget-logo-bg-alt.jpg\" \/>\n\t<meta property=\"og:image:width\" content=\"1200\" \/>\n\t<meta property=\"og:image:height\" content=\"675\" \/>\n\t<meta property=\"og:image:type\" content=\"image\/jpeg\" \/>\n<meta name=\"twitter:card\" content=\"summary_large_image\" \/>\n<script type=\"application\/ld+json\" class=\"yoast-schema-graph\">{\"@context\":\"https:\/\/schema.org\",\"@graph\":[{\"@type\":\"WebPage\",\"@id\":\"https:\/\/gogetcorp.com\/sv\/kontakta-oss\/\",\"url\":\"https:\/\/gogetcorp.com\/sv\/kontakta-oss\/\",\"name\":\"Kontakta oss | GOGET\",\"isPartOf\":{\"@id\":\"https:\/\/gogetcorp.com\/sv\/#website\"},\"datePublished\":\"2022-09-23T13:39:57+00:00\",\"dateModified\":\"2024-10-07T09:06:38+00:00\",\"description\":\"\u00c4r du intresserad av m\u00f6tesrumsdisplayer, rumsbokningsprogramvara eller skrivbordsbokning? Kontakta oss p\u00e5 GoGet!\",\"breadcrumb\":{\"@id\":\"https:\/\/gogetcorp.com\/sv\/kontakta-oss\/#breadcrumb\"},\"inLanguage\":\"sv-SE\",\"potentialAction\":[{\"@type\":\"ReadAction\",\"target\":[\"https:\/\/gogetcorp.com\/sv\/kontakta-oss\/\"]}]},{\"@type\":\"BreadcrumbList\",\"@id\":\"https:\/\/gogetcorp.com\/sv\/kontakta-oss\/#breadcrumb\",\"itemListElement\":[{\"@type\":\"ListItem\",\"position\":1,\"name\":\"Hem\",\"item\":\"https:\/\/gogetcorp.com\/sv\/\"},{\"@type\":\"ListItem\",\"position\":2,\"name\":\"Kontakta oss\"}]},{\"@type\":\"WebSite\",\"@id\":\"https:\/\/gogetcorp.com\/sv\/#website\",\"url\":\"https:\/\/gogetcorp.com\/sv\/\",\"name\":\"GOGET\",\"description\":\"Workspace Platform\",\"publisher\":{\"@id\":\"https:\/\/gogetcorp.com\/sv\/#organization\"},\"potentialAction\":[{\"@type\":\"SearchAction\",\"target\":{\"@type\":\"EntryPoint\",\"urlTemplate\":\"https:\/\/gogetcorp.com\/sv\/?s={search_term_string}\"},\"query-input\":{\"@type\":\"PropertyValueSpecification\",\"valueRequired\":true,\"valueName\":\"search_term_string\"}}],\"inLanguage\":\"sv-SE\"},{\"@type\":\"Organization\",\"@id\":\"https:\/\/gogetcorp.com\/sv\/#organization\",\"name\":\"Goget AB\",\"url\":\"https:\/\/gogetcorp.com\/sv\/\",\"logo\":{\"@type\":\"ImageObject\",\"inLanguage\":\"sv-SE\",\"@id\":\"https:\/\/gogetcorp.com\/sv\/#\/schema\/logo\/image\/\",\"url\":\"https:\/\/gogetcorp.com\/wp-content\/uploads\/2020\/02\/Goget-Favicon.png\",\"contentUrl\":\"https:\/\/gogetcorp.com\/wp-content\/uploads\/2020\/02\/Goget-Favicon.png\",\"width\":269,\"height\":269,\"caption\":\"Goget AB\"},\"image\":{\"@id\":\"https:\/\/gogetcorp.com\/sv\/#\/schema\/logo\/image\/\"}}]}<\/script>\n<!-- \/ Yoast SEO Premium plugin. -->","yoast_head_json":{"title":"Kontakta oss | GOGET","description":"\u00c4r du intresserad av m\u00f6tesrumsdisplayer, rumsbokningsprogramvara eller skrivbordsbokning? Kontakta oss p\u00e5 GoGet!","robots":{"index":"index","follow":"follow","max-snippet":"max-snippet:-1","max-image-preview":"max-image-preview:large","max-video-preview":"max-video-preview:-1"},"canonical":"https:\/\/gogetcorp.com\/sv\/kontakta-oss\/","og_locale":"sv_SE","og_type":"article","og_title":"Kontakta oss","og_description":"\u00c4r du intresserad av m\u00f6tesrumsdisplayer, rumsbokningsprogramvara eller skrivbordsbokning? Kontakta oss p\u00e5 GoGet!","og_url":"https:\/\/gogetcorp.com\/sv\/kontakta-oss\/","og_site_name":"GOGET","article_modified_time":"2024-10-07T09:06:38+00:00","og_image":[{"width":1200,"height":675,"url":"https:\/\/gogetcorp.com\/wp-content\/uploads\/2023\/03\/Goget-logo-bg-alt.jpg","type":"image\/jpeg"}],"twitter_card":"summary_large_image","schema":{"@context":"https:\/\/schema.org","@graph":[{"@type":"WebPage","@id":"https:\/\/gogetcorp.com\/sv\/kontakta-oss\/","url":"https:\/\/gogetcorp.com\/sv\/kontakta-oss\/","name":"Kontakta oss | GOGET","isPartOf":{"@id":"https:\/\/gogetcorp.com\/sv\/#website"},"datePublished":"2022-09-23T13:39:57+00:00","dateModified":"2024-10-07T09:06:38+00:00","description":"\u00c4r du intresserad av m\u00f6tesrumsdisplayer, rumsbokningsprogramvara eller skrivbordsbokning? Kontakta oss p\u00e5 GoGet!","breadcrumb":{"@id":"https:\/\/gogetcorp.com\/sv\/kontakta-oss\/#breadcrumb"},"inLanguage":"sv-SE","potentialAction":[{"@type":"ReadAction","target":["https:\/\/gogetcorp.com\/sv\/kontakta-oss\/"]}]},{"@type":"BreadcrumbList","@id":"https:\/\/gogetcorp.com\/sv\/kontakta-oss\/#breadcrumb","itemListElement":[{"@type":"ListItem","position":1,"name":"Hem","item":"https:\/\/gogetcorp.com\/sv\/"},{"@type":"ListItem","position":2,"name":"Kontakta oss"}]},{"@type":"WebSite","@id":"https:\/\/gogetcorp.com\/sv\/#website","url":"https:\/\/gogetcorp.com\/sv\/","name":"GOGET","description":"Workspace Platform","publisher":{"@id":"https:\/\/gogetcorp.com\/sv\/#organization"},"potentialAction":[{"@type":"SearchAction","target":{"@type":"EntryPoint","urlTemplate":"https:\/\/gogetcorp.com\/sv\/?s={search_term_string}"},"query-input":{"@type":"PropertyValueSpecification","valueRequired":true,"valueName":"search_term_string"}}],"inLanguage":"sv-SE"},{"@type":"Organization","@id":"https:\/\/gogetcorp.com\/sv\/#organization","name":"Goget AB","url":"https:\/\/gogetcorp.com\/sv\/","logo":{"@type":"ImageObject","inLanguage":"sv-SE","@id":"https:\/\/gogetcorp.com\/sv\/#\/schema\/logo\/image\/","url":"https:\/\/gogetcorp.com\/wp-content\/uploads\/2020\/02\/Goget-Favicon.png","contentUrl":"https:\/\/gogetcorp.com\/wp-content\/uploads\/2020\/02\/Goget-Favicon.png","width":269,"height":269,"caption":"Goget AB"},"image":{"@id":"https:\/\/gogetcorp.com\/sv\/#\/schema\/logo\/image\/"}}]}},"_links":{"self":[{"href":"https:\/\/gogetcorp.com\/sv\/wp-json\/wp\/v2\/pages\/16277"}],"collection":[{"href":"https:\/\/gogetcorp.com\/sv\/wp-json\/wp\/v2\/pages"}],"about":[{"href":"https:\/\/gogetcorp.com\/sv\/wp-json\/wp\/v2\/types\/page"}],"author":[{"embeddable":true,"href":"https:\/\/gogetcorp.com\/sv\/wp-json\/wp\/v2\/users\/5"}],"replies":[{"embeddable":true,"href":"https:\/\/gogetcorp.com\/sv\/wp-json\/wp\/v2\/comments?post=16277"}],"version-history":[{"count":0,"href":"https:\/\/gogetcorp.com\/sv\/wp-json\/wp\/v2\/pages\/16277\/revisions"}],"wp:attachment":[{"href":"https:\/\/gogetcorp.com\/sv\/wp-json\/wp\/v2\/media?parent=16277"}],"curies":[{"name":"wp","href":"https:\/\/api.w.org\/{rel}","templated":true}]}}