{"id":16062,"date":"2022-09-19T08:29:42","date_gmt":"2022-09-19T06:29:42","guid":{"rendered":"https:\/\/gogetcorp.com\/resurser\/"},"modified":"2024-10-07T07:37:18","modified_gmt":"2024-10-07T05:37:18","slug":"resurser","status":"publish","type":"page","link":"https:\/\/gogetcorp.com\/sv\/resurser\/","title":{"rendered":"Resurser"},"content":{"rendered":"\t\t<div data-elementor-type=\"wp-page\" data-elementor-id=\"16062\" class=\"elementor elementor-16062 elementor-4917\" data-elementor-post-type=\"page\">\n\t\t\t\t\t\t<section data-dce-background-image-url=\"https:\/\/gogetcorp.com\/wp-content\/uploads\/2022\/09\/Goget-hero-alt-2.png\" class=\"elementor-section elementor-top-section elementor-element elementor-element-d24f388 elementor-section-height-min-height elementor-section-boxed elementor-section-height-default elementor-section-items-middle elementor-invisible\" data-id=\"d24f388\" data-element_type=\"section\" data-settings=\"{&quot;background_background&quot;:&quot;classic&quot;,&quot;animation&quot;:&quot;fadeIn&quot;}\">\n\t\t\t\t\t\t<div class=\"elementor-container elementor-column-gap-default\">\n\t\t\t\t\t<div class=\"elementor-column elementor-col-50 elementor-top-column elementor-element elementor-element-91a965e\" data-id=\"91a965e\" data-element_type=\"column\">\n\t\t\t<div class=\"elementor-widget-wrap elementor-element-populated\">\n\t\t\t\t\t\t<div class=\"elementor-element elementor-element-9c3c79b elementor-widget elementor-widget-heading\" data-id=\"9c3c79b\" data-element_type=\"widget\" data-widget_type=\"heading.default\">\n\t\t\t\t<div class=\"elementor-widget-container\">\n\t\t\t<h5 class=\"elementor-heading-title elementor-size-default\">Resurser<\/h5>\t\t<\/div>\n\t\t\t\t<\/div>\n\t\t\t\t<div class=\"elementor-element elementor-element-5cc4eaa elementor-widget elementor-widget-heading\" data-id=\"5cc4eaa\" data-element_type=\"widget\" data-widget_type=\"heading.default\">\n\t\t\t\t<div class=\"elementor-widget-container\">\n\t\t\t<h1 class=\"elementor-heading-title elementor-size-default\">Tekniska detaljer<\/h1>\t\t<\/div>\n\t\t\t\t<\/div>\n\t\t\t\t<div class=\"elementor-element elementor-element-95ae06a elementor-widget elementor-widget-text-editor\" data-id=\"95ae06a\" data-element_type=\"widget\" data-widget_type=\"text-editor.default\">\n\t\t\t\t<div class=\"elementor-widget-container\">\n\t\t\t\t\t\t\t<div class=\"\" data-block=\"true\" data-editor=\"32lb4\" data-offset-key=\"758dq-0-0\">\n<div class=\"public-DraftStyleDefault-block public-DraftStyleDefault-ltr\" data-offset-key=\"758dq-0-0\"><span data-offset-key=\"758dq-0-0\">\u00c4r du ansvarig f\u00f6r att hantera kablar, anslutningar och kod? Eller \u00e4r du bara en nyfiken tekniker?  <\/p>\n<p><\/span><\/div>\n<\/div>\n<div class=\"\" data-block=\"true\" data-editor=\"32lb4\" data-offset-key=\"ankeu-0-0\">\n<div class=\"public-DraftStyleDefault-block public-DraftStyleDefault-ltr\" data-offset-key=\"ankeu-0-0\"><span data-offset-key=\"ankeu-0-0\">H\u00e4r kan du utforska de tekniska detaljerna i v\u00e5ra system.<\/span><\/div>\n<\/div>\n\t\t\t\t\t\t<\/div>\n\t\t\t\t<\/div>\n\t\t\t\t<div class=\"elementor-element elementor-element-0cd42b8 elementor-widget elementor-widget-button\" data-id=\"0cd42b8\" data-element_type=\"widget\" data-widget_type=\"button.default\">\n\t\t\t\t<div class=\"elementor-widget-container\">\n\t\t\t\t\t<div class=\"elementor-button-wrapper\">\n\t\t\t<a class=\"elementor-button elementor-button-link elementor-size-sm\" href=\"#\">\n\t\t\t\t\t\t<span class=\"elementor-button-content-wrapper\">\n\t\t\t\t\t\t<span class=\"elementor-button-icon\">\n\t\t\t\t<i aria-hidden=\"true\" class=\"gogeticon gogeticon-arrow-downward-outline\"><\/i>\t\t\t<\/span>\n\t\t\t\t\t\t\t\t\t<span class=\"elementor-button-text\">Se mer<\/span>\n\t\t\t\t\t<\/span>\n\t\t\t\t\t<\/a>\n\t\t<\/div>\n\t\t\t\t<\/div>\n\t\t\t\t<\/div>\n\t\t\t\t\t<\/div>\n\t\t<\/div>\n\t\t\t\t<div class=\"elementor-column elementor-col-50 elementor-top-column elementor-element elementor-element-3e87125\" data-id=\"3e87125\" data-element_type=\"column\">\n\t\t\t<div class=\"elementor-widget-wrap elementor-element-populated\">\n\t\t\t\t\t\t<div class=\"elementor-element elementor-element-864eaff elementor-widget elementor-widget-image\" data-id=\"864eaff\" data-element_type=\"widget\" data-widget_type=\"image.default\">\n\t\t\t\t<div class=\"elementor-widget-container\">\n\t\t\t\t\t\t\t\t\t\t\t\t\t<img fetchpriority=\"high\" decoding=\"async\" width=\"647\" height=\"1000\" src=\"https:\/\/gogetcorp.com\/wp-content\/uploads\/2022\/09\/GOGET-Resources-Lets-get-technical.png\" class=\"attachment-large size-large wp-image-6096\" alt=\"\" \/>\t\t\t\t\t\t\t\t\t\t\t\t\t<\/div>\n\t\t\t\t<\/div>\n\t\t\t\t\t<\/div>\n\t\t<\/div>\n\t\t\t\t\t<\/div>\n\t\t<\/section>\n\t\t\t\t<section class=\"elementor-section elementor-top-section elementor-element elementor-element-cb6dfa0 elementor-section-boxed elementor-section-height-default elementor-section-height-default\" data-id=\"cb6dfa0\" data-element_type=\"section\" id=\"insights\" data-settings=\"{&quot;background_background&quot;:&quot;classic&quot;}\">\n\t\t\t\t\t\t<div class=\"elementor-container elementor-column-gap-default\">\n\t\t\t\t\t<div class=\"elementor-column elementor-col-100 elementor-top-column elementor-element elementor-element-08695e8\" data-id=\"08695e8\" data-element_type=\"column\">\n\t\t\t<div class=\"elementor-widget-wrap elementor-element-populated\">\n\t\t\t\t\t\t<section class=\"elementor-section elementor-inner-section elementor-element elementor-element-f03045e elementor-section-boxed elementor-section-height-default elementor-section-height-default\" data-id=\"f03045e\" data-element_type=\"section\">\n\t\t\t\t\t\t<div class=\"elementor-container elementor-column-gap-default\">\n\t\t\t\t\t<div class=\"elementor-column elementor-col-33 elementor-inner-column elementor-element elementor-element-5aeebd4\" data-id=\"5aeebd4\" data-element_type=\"column\">\n\t\t\t<div class=\"elementor-widget-wrap elementor-element-populated\">\n\t\t\t\t\t\t<div class=\"elementor-element elementor-element-e24b929 elementor-widget elementor-widget-heading\" data-id=\"e24b929\" data-element_type=\"widget\" data-widget_type=\"heading.default\">\n\t\t\t\t<div class=\"elementor-widget-container\">\n\t\t\t<h2 class=\"elementor-heading-title elementor-size-default\">Artiklar  Inspiration<\/h2>\t\t<\/div>\n\t\t\t\t<\/div>\n\t\t\t\t\t<\/div>\n\t\t<\/div>\n\t\t\t\t<div class=\"elementor-column elementor-col-33 elementor-inner-column elementor-element elementor-element-b40f1c1\" data-id=\"b40f1c1\" data-element_type=\"column\">\n\t\t\t<div class=\"elementor-widget-wrap elementor-element-populated\">\n\t\t\t\t\t\t<div class=\"elementor-element elementor-element-c6d8772 elementor-widget elementor-widget-text-editor\" data-id=\"c6d8772\" data-element_type=\"widget\" data-widget_type=\"text-editor.default\">\n\t\t\t\t<div class=\"elementor-widget-container\">\n\t\t\t\t\t\t\t<p>Uppt\u00e4ck det senaste fr\u00e5n Goget. Klicka p\u00e5 knappen nedan f\u00f6r att l\u00e4ra dig mer om oss och v\u00e5ra produkter. <\/p>\n\t\t\t\t\t\t<\/div>\n\t\t\t\t<\/div>\n\t\t\t\t\t<\/div>\n\t\t<\/div>\n\t\t\t\t<div class=\"elementor-column elementor-col-33 elementor-inner-column elementor-element elementor-element-234c883\" data-id=\"234c883\" data-element_type=\"column\">\n\t\t\t<div class=\"elementor-widget-wrap\">\n\t\t\t\t\t\t\t<\/div>\n\t\t<\/div>\n\t\t\t\t\t<\/div>\n\t\t<\/section>\n\t\t\t\t\t<\/div>\n\t\t<\/div>\n\t\t\t\t\t<\/div>\n\t\t<\/section>\n\t\t\t\t<section class=\"elementor-section elementor-top-section elementor-element elementor-element-fabfa48 elementor-section-boxed elementor-section-height-default elementor-section-height-default\" data-id=\"fabfa48\" data-element_type=\"section\">\n\t\t\t\t\t\t<div class=\"elementor-container elementor-column-gap-default\">\n\t\t\t\t\t<div class=\"elementor-column elementor-col-100 elementor-top-column elementor-element elementor-element-93a1099\" data-id=\"93a1099\" data-element_type=\"column\">\n\t\t\t<div class=\"elementor-widget-wrap elementor-element-populated\">\n\t\t\t\t\t\t<div class=\"elementor-element elementor-element-4c33384 elementor-posts--thumbnail-top elementor-grid-3 elementor-grid-tablet-2 elementor-grid-mobile-1 elementor-widget elementor-widget-posts\" data-id=\"4c33384\" data-element_type=\"widget\" data-settings=\"{&quot;custom_row_gap&quot;:{&quot;unit&quot;:&quot;px&quot;,&quot;size&quot;:45,&quot;sizes&quot;:[]},&quot;custom_columns&quot;:&quot;3&quot;,&quot;custom_columns_tablet&quot;:&quot;2&quot;,&quot;custom_columns_mobile&quot;:&quot;1&quot;,&quot;custom_row_gap_tablet&quot;:{&quot;unit&quot;:&quot;px&quot;,&quot;size&quot;:&quot;&quot;,&quot;sizes&quot;:[]},&quot;custom_row_gap_mobile&quot;:{&quot;unit&quot;:&quot;px&quot;,&quot;size&quot;:&quot;&quot;,&quot;sizes&quot;:[]}}\" data-widget_type=\"posts.custom\">\n\t\t\t\t<div class=\"elementor-widget-container\">\n\t\t\t      <div class=\"ecs-posts elementor-posts-container elementor-posts   elementor-grid elementor-posts--skin-custom\" data-settings=\"{&quot;current_page&quot;:1,&quot;max_num_pages&quot;:0,&quot;load_method&quot;:&quot;loadmore&quot;,&quot;widget_id&quot;:&quot;4c33384&quot;,&quot;post_id&quot;:16062,&quot;theme_id&quot;:16062,&quot;change_url&quot;:false,&quot;reinit_js&quot;:false}\">\n      <div class=\"elementor-posts-nothing-found\"><\/div>\t\t<\/div>\n\t\t\t\t<\/div>\n\t\t\t\t<\/div>\n\t\t\t\t\t<\/div>\n\t\t<\/div>\n\t\t\t\t\t<\/div>\n\t\t<\/section>\n\t\t\t\t<section class=\"elementor-section elementor-top-section elementor-element elementor-element-790be97 elementor-section-full_width elementor-section-height-default elementor-section-height-default\" data-id=\"790be97\" data-element_type=\"section\" id=\"knowledge\">\n\t\t\t\t\t\t<div class=\"elementor-container elementor-column-gap-default\">\n\t\t\t\t\t<div class=\"elementor-column elementor-col-100 elementor-top-column elementor-element elementor-element-2c57306\" data-id=\"2c57306\" data-element_type=\"column\" data-settings=\"{&quot;background_background&quot;:&quot;classic&quot;}\">\n\t\t\t<div class=\"elementor-widget-wrap elementor-element-populated\">\n\t\t\t\t\t\t<section class=\"elementor-section elementor-inner-section elementor-element elementor-element-c7233b7 elementor-section-boxed elementor-section-height-default elementor-section-height-default\" data-id=\"c7233b7\" data-element_type=\"section\">\n\t\t\t\t\t\t<div class=\"elementor-container elementor-column-gap-default\">\n\t\t\t\t\t<div class=\"elementor-column elementor-col-33 elementor-inner-column elementor-element elementor-element-5987e39\" data-id=\"5987e39\" data-element_type=\"column\">\n\t\t\t<div class=\"elementor-widget-wrap elementor-element-populated\">\n\t\t\t\t\t\t<div class=\"elementor-element elementor-element-b303265 elementor-widget elementor-widget-heading\" data-id=\"b303265\" data-element_type=\"widget\" data-widget_type=\"heading.default\">\n\t\t\t\t<div class=\"elementor-widget-container\">\n\t\t\t<h2 class=\"elementor-heading-title elementor-size-default\">Kunskap  Insikter<\/h2>\t\t<\/div>\n\t\t\t\t<\/div>\n\t\t\t\t\t<\/div>\n\t\t<\/div>\n\t\t\t\t<div class=\"elementor-column elementor-col-33 elementor-inner-column elementor-element elementor-element-927262f\" data-id=\"927262f\" data-element_type=\"column\">\n\t\t\t<div class=\"elementor-widget-wrap elementor-element-populated\">\n\t\t\t\t\t\t<div class=\"elementor-element elementor-element-12ab366 elementor-widget elementor-widget-text-editor\" data-id=\"12ab366\" data-element_type=\"widget\" data-widget_type=\"text-editor.default\">\n\t\t\t\t<div class=\"elementor-widget-container\">\n\t\t\t\t\t\t\t<p>Uppt\u00e4ck det senaste fr\u00e5n Goget. Klicka p\u00e5 knappen nedan f\u00f6r att l\u00e4ra dig mer om oss och v\u00e5ra produkter. <\/p>\n\t\t\t\t\t\t<\/div>\n\t\t\t\t<\/div>\n\t\t\t\t\t<\/div>\n\t\t<\/div>\n\t\t\t\t<div class=\"elementor-column elementor-col-33 elementor-inner-column elementor-element elementor-element-ada93dd\" data-id=\"ada93dd\" data-element_type=\"column\">\n\t\t\t<div class=\"elementor-widget-wrap\">\n\t\t\t\t\t\t\t<\/div>\n\t\t<\/div>\n\t\t\t\t\t<\/div>\n\t\t<\/section>\n\t\t\t\t\t<\/div>\n\t\t<\/div>\n\t\t\t\t\t<\/div>\n\t\t<\/section>\n\t\t\t\t<section class=\"elementor-section elementor-top-section elementor-element elementor-element-e77c764 elementor-section-full_width elementor-section-height-default elementor-section-height-default\" data-id=\"e77c764\" data-element_type=\"section\">\n\t\t\t\t\t\t<div class=\"elementor-container elementor-column-gap-default\">\n\t\t\t\t\t<div class=\"elementor-column elementor-col-100 elementor-top-column elementor-element elementor-element-6488f80\" data-id=\"6488f80\" data-element_type=\"column\" data-settings=\"{&quot;background_background&quot;:&quot;classic&quot;}\">\n\t\t\t<div class=\"elementor-widget-wrap elementor-element-populated\">\n\t\t\t\t\t\t<section class=\"elementor-section elementor-inner-section elementor-element elementor-element-0e51d0a elementor-section-boxed elementor-section-height-default elementor-section-height-default\" data-id=\"0e51d0a\" data-element_type=\"section\">\n\t\t\t\t\t\t<div class=\"elementor-container elementor-column-gap-default\">\n\t\t\t\t\t<div class=\"elementor-column elementor-col-100 elementor-inner-column elementor-element elementor-element-b251f28\" data-id=\"b251f28\" data-element_type=\"column\">\n\t\t\t<div class=\"elementor-widget-wrap elementor-element-populated\">\n\t\t\t\t\t\t<div class=\"elementor-element elementor-element-3b6a9b4 elementor-posts--thumbnail-top elementor-grid-3 elementor-grid-tablet-2 elementor-grid-mobile-1 elementor-widget elementor-widget-posts\" data-id=\"3b6a9b4\" data-element_type=\"widget\" data-settings=\"{&quot;custom_row_gap&quot;:{&quot;unit&quot;:&quot;px&quot;,&quot;size&quot;:45,&quot;sizes&quot;:[]},&quot;custom_columns&quot;:&quot;3&quot;,&quot;custom_columns_tablet&quot;:&quot;2&quot;,&quot;custom_columns_mobile&quot;:&quot;1&quot;,&quot;custom_row_gap_tablet&quot;:{&quot;unit&quot;:&quot;px&quot;,&quot;size&quot;:&quot;&quot;,&quot;sizes&quot;:[]},&quot;custom_row_gap_mobile&quot;:{&quot;unit&quot;:&quot;px&quot;,&quot;size&quot;:&quot;&quot;,&quot;sizes&quot;:[]}}\" data-widget_type=\"posts.custom\">\n\t\t\t\t<div class=\"elementor-widget-container\">\n\t\t\t      <div class=\"ecs-posts elementor-posts-container elementor-posts   elementor-grid elementor-posts--skin-custom\" data-settings=\"{&quot;current_page&quot;:1,&quot;max_num_pages&quot;:0,&quot;load_method&quot;:&quot;loadmore&quot;,&quot;widget_id&quot;:&quot;3b6a9b4&quot;,&quot;post_id&quot;:16062,&quot;theme_id&quot;:16062,&quot;change_url&quot;:false,&quot;reinit_js&quot;:false}\">\n      <div class=\"elementor-posts-nothing-found\"><\/div>\t\t<\/div>\n\t\t\t\t<\/div>\n\t\t\t\t<\/div>\n\t\t\t\t\t<\/div>\n\t\t<\/div>\n\t\t\t\t\t<\/div>\n\t\t<\/section>\n\t\t\t\t\t<\/div>\n\t\t<\/div>\n\t\t\t\t\t<\/div>\n\t\t<\/section>\n\t\t\t\t<\/div>\n\t\t","protected":false},"excerpt":{"rendered":"<p>Resurser Tekniska detaljer \u00c4r du ansvarig f\u00f6r att hantera kablar, anslutningar och kod? Eller \u00e4r du bara en nyfiken tekniker? H\u00e4r kan du utforska de tekniska detaljerna i v\u00e5ra system. Se mer Artiklar Inspiration Uppt\u00e4ck det senaste fr\u00e5n Goget. Klicka p\u00e5 knappen nedan f\u00f6r att l\u00e4ra dig mer om oss och v\u00e5ra produkter. Kunskap Insikter [&hellip;]<\/p>\n","protected":false},"author":5,"featured_media":0,"parent":0,"menu_order":20,"comment_status":"closed","ping_status":"closed","template":"","meta":{"_acf_changed":false,"footnotes":""},"class_list":["post-16062","page","type-page","status-publish","hentry"],"acf":[],"yoast_head":"<!-- This site is optimized with the Yoast SEO Premium plugin v22.0 (Yoast SEO v23.7) - https:\/\/yoast.com\/wordpress\/plugins\/seo\/ -->\n<title>Resurser - GOGET<\/title>\n<meta name=\"robots\" content=\"index, follow, max-snippet:-1, max-image-preview:large, max-video-preview:-1\" \/>\n<link rel=\"canonical\" href=\"https:\/\/gogetcorp.com\/sv\/resurser\/\" \/>\n<meta property=\"og:locale\" content=\"sv_SE\" \/>\n<meta property=\"og:type\" content=\"article\" \/>\n<meta property=\"og:title\" content=\"Resurser\" \/>\n<meta property=\"og:description\" content=\"Resurser Tekniska detaljer \u00c4r du ansvarig f\u00f6r att hantera kablar, anslutningar och kod? Eller \u00e4r du bara en nyfiken tekniker? H\u00e4r kan du utforska de tekniska detaljerna i v\u00e5ra system. Se mer Artiklar Inspiration Uppt\u00e4ck det senaste fr\u00e5n Goget. Klicka p\u00e5 knappen nedan f\u00f6r att l\u00e4ra dig mer om oss och v\u00e5ra produkter. Kunskap Insikter [&hellip;]\" \/>\n<meta property=\"og:url\" content=\"https:\/\/gogetcorp.com\/sv\/resurser\/\" \/>\n<meta property=\"og:site_name\" content=\"GOGET\" \/>\n<meta property=\"article:modified_time\" content=\"2024-10-07T05:37:18+00:00\" \/>\n<meta property=\"og:image\" content=\"https:\/\/gogetcorp.com\/wp-content\/uploads\/2022\/09\/GOGET-Resources-Lets-get-technical.png\" \/>\n<meta name=\"twitter:card\" content=\"summary_large_image\" \/>\n<script type=\"application\/ld+json\" class=\"yoast-schema-graph\">{\"@context\":\"https:\/\/schema.org\",\"@graph\":[{\"@type\":\"WebPage\",\"@id\":\"https:\/\/gogetcorp.com\/sv\/resurser\/\",\"url\":\"https:\/\/gogetcorp.com\/sv\/resurser\/\",\"name\":\"Resurser - GOGET\",\"isPartOf\":{\"@id\":\"https:\/\/gogetcorp.com\/sv\/#website\"},\"primaryImageOfPage\":{\"@id\":\"https:\/\/gogetcorp.com\/sv\/resurser\/#primaryimage\"},\"image\":{\"@id\":\"https:\/\/gogetcorp.com\/sv\/resurser\/#primaryimage\"},\"thumbnailUrl\":\"https:\/\/gogetcorp.com\/wp-content\/uploads\/2022\/09\/GOGET-Resources-Lets-get-technical.png\",\"datePublished\":\"2022-09-19T06:29:42+00:00\",\"dateModified\":\"2024-10-07T05:37:18+00:00\",\"breadcrumb\":{\"@id\":\"https:\/\/gogetcorp.com\/sv\/resurser\/#breadcrumb\"},\"inLanguage\":\"sv-SE\",\"potentialAction\":[{\"@type\":\"ReadAction\",\"target\":[\"https:\/\/gogetcorp.com\/sv\/resurser\/\"]}]},{\"@type\":\"ImageObject\",\"inLanguage\":\"sv-SE\",\"@id\":\"https:\/\/gogetcorp.com\/sv\/resurser\/#primaryimage\",\"url\":\"https:\/\/gogetcorp.com\/wp-content\/uploads\/2022\/09\/GOGET-Resources-Lets-get-technical.png\",\"contentUrl\":\"https:\/\/gogetcorp.com\/wp-content\/uploads\/2022\/09\/GOGET-Resources-Lets-get-technical.png\"},{\"@type\":\"BreadcrumbList\",\"@id\":\"https:\/\/gogetcorp.com\/sv\/resurser\/#breadcrumb\",\"itemListElement\":[{\"@type\":\"ListItem\",\"position\":1,\"name\":\"Hem\",\"item\":\"https:\/\/gogetcorp.com\/sv\/\"},{\"@type\":\"ListItem\",\"position\":2,\"name\":\"Resurser\"}]},{\"@type\":\"WebSite\",\"@id\":\"https:\/\/gogetcorp.com\/sv\/#website\",\"url\":\"https:\/\/gogetcorp.com\/sv\/\",\"name\":\"GOGET\",\"description\":\"Workspace Platform\",\"publisher\":{\"@id\":\"https:\/\/gogetcorp.com\/sv\/#organization\"},\"potentialAction\":[{\"@type\":\"SearchAction\",\"target\":{\"@type\":\"EntryPoint\",\"urlTemplate\":\"https:\/\/gogetcorp.com\/sv\/?s={search_term_string}\"},\"query-input\":{\"@type\":\"PropertyValueSpecification\",\"valueRequired\":true,\"valueName\":\"search_term_string\"}}],\"inLanguage\":\"sv-SE\"},{\"@type\":\"Organization\",\"@id\":\"https:\/\/gogetcorp.com\/sv\/#organization\",\"name\":\"Goget AB\",\"url\":\"https:\/\/gogetcorp.com\/sv\/\",\"logo\":{\"@type\":\"ImageObject\",\"inLanguage\":\"sv-SE\",\"@id\":\"https:\/\/gogetcorp.com\/sv\/#\/schema\/logo\/image\/\",\"url\":\"https:\/\/gogetcorp.com\/wp-content\/uploads\/2020\/02\/Goget-Favicon.png\",\"contentUrl\":\"https:\/\/gogetcorp.com\/wp-content\/uploads\/2020\/02\/Goget-Favicon.png\",\"width\":269,\"height\":269,\"caption\":\"Goget AB\"},\"image\":{\"@id\":\"https:\/\/gogetcorp.com\/sv\/#\/schema\/logo\/image\/\"}}]}<\/script>\n<!-- \/ Yoast SEO Premium plugin. -->","yoast_head_json":{"title":"Resurser - GOGET","robots":{"index":"index","follow":"follow","max-snippet":"max-snippet:-1","max-image-preview":"max-image-preview:large","max-video-preview":"max-video-preview:-1"},"canonical":"https:\/\/gogetcorp.com\/sv\/resurser\/","og_locale":"sv_SE","og_type":"article","og_title":"Resurser","og_description":"Resurser Tekniska detaljer \u00c4r du ansvarig f\u00f6r att hantera kablar, anslutningar och kod? Eller \u00e4r du bara en nyfiken tekniker? H\u00e4r kan du utforska de tekniska detaljerna i v\u00e5ra system. Se mer Artiklar Inspiration Uppt\u00e4ck det senaste fr\u00e5n Goget. Klicka p\u00e5 knappen nedan f\u00f6r att l\u00e4ra dig mer om oss och v\u00e5ra produkter. Kunskap Insikter [&hellip;]","og_url":"https:\/\/gogetcorp.com\/sv\/resurser\/","og_site_name":"GOGET","article_modified_time":"2024-10-07T05:37:18+00:00","og_image":[{"url":"https:\/\/gogetcorp.com\/wp-content\/uploads\/2022\/09\/GOGET-Resources-Lets-get-technical.png"}],"twitter_card":"summary_large_image","schema":{"@context":"https:\/\/schema.org","@graph":[{"@type":"WebPage","@id":"https:\/\/gogetcorp.com\/sv\/resurser\/","url":"https:\/\/gogetcorp.com\/sv\/resurser\/","name":"Resurser - GOGET","isPartOf":{"@id":"https:\/\/gogetcorp.com\/sv\/#website"},"primaryImageOfPage":{"@id":"https:\/\/gogetcorp.com\/sv\/resurser\/#primaryimage"},"image":{"@id":"https:\/\/gogetcorp.com\/sv\/resurser\/#primaryimage"},"thumbnailUrl":"https:\/\/gogetcorp.com\/wp-content\/uploads\/2022\/09\/GOGET-Resources-Lets-get-technical.png","datePublished":"2022-09-19T06:29:42+00:00","dateModified":"2024-10-07T05:37:18+00:00","breadcrumb":{"@id":"https:\/\/gogetcorp.com\/sv\/resurser\/#breadcrumb"},"inLanguage":"sv-SE","potentialAction":[{"@type":"ReadAction","target":["https:\/\/gogetcorp.com\/sv\/resurser\/"]}]},{"@type":"ImageObject","inLanguage":"sv-SE","@id":"https:\/\/gogetcorp.com\/sv\/resurser\/#primaryimage","url":"https:\/\/gogetcorp.com\/wp-content\/uploads\/2022\/09\/GOGET-Resources-Lets-get-technical.png","contentUrl":"https:\/\/gogetcorp.com\/wp-content\/uploads\/2022\/09\/GOGET-Resources-Lets-get-technical.png"},{"@type":"BreadcrumbList","@id":"https:\/\/gogetcorp.com\/sv\/resurser\/#breadcrumb","itemListElement":[{"@type":"ListItem","position":1,"name":"Hem","item":"https:\/\/gogetcorp.com\/sv\/"},{"@type":"ListItem","position":2,"name":"Resurser"}]},{"@type":"WebSite","@id":"https:\/\/gogetcorp.com\/sv\/#website","url":"https:\/\/gogetcorp.com\/sv\/","name":"GOGET","description":"Workspace Platform","publisher":{"@id":"https:\/\/gogetcorp.com\/sv\/#organization"},"potentialAction":[{"@type":"SearchAction","target":{"@type":"EntryPoint","urlTemplate":"https:\/\/gogetcorp.com\/sv\/?s={search_term_string}"},"query-input":{"@type":"PropertyValueSpecification","valueRequired":true,"valueName":"search_term_string"}}],"inLanguage":"sv-SE"},{"@type":"Organization","@id":"https:\/\/gogetcorp.com\/sv\/#organization","name":"Goget AB","url":"https:\/\/gogetcorp.com\/sv\/","logo":{"@type":"ImageObject","inLanguage":"sv-SE","@id":"https:\/\/gogetcorp.com\/sv\/#\/schema\/logo\/image\/","url":"https:\/\/gogetcorp.com\/wp-content\/uploads\/2020\/02\/Goget-Favicon.png","contentUrl":"https:\/\/gogetcorp.com\/wp-content\/uploads\/2020\/02\/Goget-Favicon.png","width":269,"height":269,"caption":"Goget AB"},"image":{"@id":"https:\/\/gogetcorp.com\/sv\/#\/schema\/logo\/image\/"}}]}},"_links":{"self":[{"href":"https:\/\/gogetcorp.com\/sv\/wp-json\/wp\/v2\/pages\/16062"}],"collection":[{"href":"https:\/\/gogetcorp.com\/sv\/wp-json\/wp\/v2\/pages"}],"about":[{"href":"https:\/\/gogetcorp.com\/sv\/wp-json\/wp\/v2\/types\/page"}],"author":[{"embeddable":true,"href":"https:\/\/gogetcorp.com\/sv\/wp-json\/wp\/v2\/users\/5"}],"replies":[{"embeddable":true,"href":"https:\/\/gogetcorp.com\/sv\/wp-json\/wp\/v2\/comments?post=16062"}],"version-history":[{"count":0,"href":"https:\/\/gogetcorp.com\/sv\/wp-json\/wp\/v2\/pages\/16062\/revisions"}],"wp:attachment":[{"href":"https:\/\/gogetcorp.com\/sv\/wp-json\/wp\/v2\/media?parent=16062"}],"curies":[{"name":"wp","href":"https:\/\/api.w.org\/{rel}","templated":true}]}}